{"id":22,"date":"2017-06-07T21:13:08","date_gmt":"2017-06-07T21:13:08","guid":{"rendered":"http:\/\/themes.uxbarn.com\/wp\/kathy-dummy\/?page_id=14"},"modified":"2023-10-10T15:26:14","modified_gmt":"2023-10-10T15:26:14","slug":"about-kathy-paulson","status":"publish","type":"page","link":"https:\/\/thestudiols.com\/?page_id=22","title":{"rendered":""},"content":{"rendered":"<p>The Studio LS, es mucho m\u00e1s que una empresa de producci\u00f3n audiovisual; somos un estudio multidisciplinario y artesanos de la creatividad. Desde nuestro inicio hace una d\u00e9cada, hemos estado en el coraz\u00f3n de la escena audiovisual en Am\u00e9rica Latina y m\u00e1s all\u00e1. Nos especializamos en la creaci\u00f3n de campa\u00f1as y productos audiovisuales \u00fanicos y memorables. Nuestra pasi\u00f3n es dar vida a las visiones creativas, ya sea que provengan de nuestros clientes o que las construyamos desde cero.<\/p>\n<p>Nuestra oferta es diversa y abierta a la imaginaci\u00f3n. Desde la fotograf\u00eda y el video de moda hasta proyectos de productos y contenido institucional, estamos listos para abordar cualquier desaf\u00edo creativo. Somos un equipo de expertos apasionados, que incluye estilistas, maquillistas, directores de arte, fot\u00f3grafos, vide\u00f3grafos y un equipo de producci\u00f3n dedicado.<\/p>\n<p>En estos a\u00f1os, hemos tenido el honor de trabajar con algunos de los nombres m\u00e1s reconocidos en el mundo de la moda y colaborar con marcas de renombre internacional como Chanel, Netflix, Swarovski, Adidas, entre otros. Cada proyecto es una oportunidad para fusionar nuestra experiencia con las visiones \u00fanicas de nuestros clientes, creando piezas que destacan y resuenan en el mundo de la comunicaci\u00f3n visual.<\/p>\n<p>Lo que nos distingue es nuestro compromiso con la excelencia, la creatividad sin l\u00edmites y la habilidad de transformar ideas en realidades visuales asombrosas. Nuestra misi\u00f3n es continuar impulsando la narrativa audiovisual internacionalmente, manteni\u00e9ndonos a la vanguardia de la innovaci\u00f3n y la calidad.<\/p>\n<p>En The Studio LS, cada d\u00eda es una nueva oportunidad para contar historias y dar vida a visiones creativas. Estamos aqu\u00ed para convertir tus ideas en realidades visuales<\/p>\n","protected":false},"excerpt":{"rendered":"<p>The Studio LS, es mucho m\u00e1s que una empresa de producci\u00f3n audiovisual; somos un estudio multidisciplinario y artesanos de la creatividad. Desde nuestro inicio hace una d\u00e9cada, hemos estado en el coraz\u00f3n de la escena audiovisual en Am\u00e9rica Latina y m\u00e1s all\u00e1. Nos especializamos en la creaci\u00f3n de campa\u00f1as y productos audiovisuales \u00fanicos y memorables. Nuestra pasi\u00f3n es dar vida a las visiones creativas, ya sea que provengan de nuestros clientes o que las construyamos desde cero. Nuestra oferta es diversa y abierta a la imaginaci\u00f3n. Desde la fotograf\u00eda y el video de moda hasta proyectos de productos y contenido institucional, estamos listos para abordar cualquier desaf\u00edo creativo. Somos un equipo de expertos apasionados, que incluye estilistas, maquillistas, directores de arte, fot\u00f3grafos, vide\u00f3grafos y un equipo de producci\u00f3n dedicado. En estos a\u00f1os, hemos tenido el honor de trabajar con algunos de los nombres m\u00e1s reconocidos en el mundo de la moda y colaborar con marcas de renombre internacional como Chanel, Netflix, Swarovski, Adidas, entre otros. Cada proyecto es una oportunidad para fusionar nuestra experiencia con las visiones \u00fanicas de nuestros clientes, creando piezas que destacan y resuenan en el mundo de la comunicaci\u00f3n visual. Lo que nos distingue es nuestro compromiso con la excelencia, la creatividad sin l\u00edmites y la habilidad de transformar ideas en realidades visuales asombrosas. Nuestra misi\u00f3n es continuar impulsando la narrativa audiovisual internacionalmente, manteni\u00e9ndonos a la vanguardia de la innovaci\u00f3n y la calidad. En The Studio LS, cada d\u00eda es una nueva oportunidad para contar historias y dar vida a visiones creativas. Estamos aqu\u00ed para convertir tus ideas en realidades visuales<\/p>\n","protected":false},"author":1,"featured_media":92,"parent":0,"menu_order":0,"comment_status":"closed","ping_status":"closed","template":"","meta":{"nf_dc_page":"","om_disable_all_campaigns":false,"_monsterinsights_skip_tracking":false,"_monsterinsights_sitenote_active":false,"_monsterinsights_sitenote_note":"","_monsterinsights_sitenote_category":0,"footnotes":""},"class_list":["post-22","page","type-page","status-publish","has-post-thumbnail","hentry"],"yoast_head":"<!-- This site is optimized with the Yoast SEO plugin v27.4 - https:\/\/yoast.com\/product\/yoast-seo-wordpress\/ -->\n<title>- The Studio LS<\/title>\n<meta name=\"robots\" content=\"index, follow, max-snippet:-1, max-image-preview:large, max-video-preview:-1\" \/>\n<link rel=\"canonical\" href=\"https:\/\/thestudiols.com\/?page_id=22\" \/>\n<meta property=\"og:locale\" content=\"en_US\" \/>\n<meta property=\"og:type\" content=\"article\" \/>\n<meta property=\"og:title\" content=\"- The Studio LS\" \/>\n<meta property=\"og:description\" content=\"The Studio LS, es mucho m\u00e1s que una empresa de producci\u00f3n audiovisual; somos un estudio multidisciplinario y artesanos de la creatividad. Desde nuestro inicio hace una d\u00e9cada, hemos estado en el coraz\u00f3n de la escena audiovisual en Am\u00e9rica Latina y m\u00e1s all\u00e1. Nos especializamos en la creaci\u00f3n de campa\u00f1as y productos audiovisuales \u00fanicos y memorables. Nuestra pasi\u00f3n es dar vida a las visiones creativas, ya sea que provengan de nuestros clientes o que las construyamos desde cero. Nuestra oferta es diversa y abierta a la imaginaci\u00f3n. Desde la fotograf\u00eda y el video de moda hasta proyectos de productos y contenido institucional, estamos listos para abordar cualquier desaf\u00edo creativo. Somos un equipo de expertos apasionados, que incluye estilistas, maquillistas, directores de arte, fot\u00f3grafos, vide\u00f3grafos y un equipo de producci\u00f3n dedicado. En estos a\u00f1os, hemos tenido el honor de trabajar con algunos de los nombres m\u00e1s reconocidos en el mundo de la moda y colaborar con marcas de renombre internacional como Chanel, Netflix, Swarovski, Adidas, entre otros. Cada proyecto es una oportunidad para fusionar nuestra experiencia con las visiones \u00fanicas de nuestros clientes, creando piezas que destacan y resuenan en el mundo de la comunicaci\u00f3n visual. Lo que nos distingue es nuestro compromiso con la excelencia, la creatividad sin l\u00edmites y la habilidad de transformar ideas en realidades visuales asombrosas. Nuestra misi\u00f3n es continuar impulsando la narrativa audiovisual internacionalmente, manteni\u00e9ndonos a la vanguardia de la innovaci\u00f3n y la calidad. En The Studio LS, cada d\u00eda es una nueva oportunidad para contar historias y dar vida a visiones creativas. Estamos aqu\u00ed para convertir tus ideas en realidades visuales\" \/>\n<meta property=\"og:url\" content=\"https:\/\/thestudiols.com\/?page_id=22\" \/>\n<meta property=\"og:site_name\" content=\"The Studio LS\" \/>\n<meta property=\"article:modified_time\" content=\"2023-10-10T15:26:14+00:00\" \/>\n<meta property=\"og:image\" content=\"https:\/\/thestudiols.com\/wp-content\/uploads\/2017\/06\/830x550.png\" \/>\n\t<meta property=\"og:image:width\" content=\"830\" \/>\n\t<meta property=\"og:image:height\" content=\"550\" \/>\n\t<meta property=\"og:image:type\" content=\"image\/png\" \/>\n<meta name=\"twitter:card\" content=\"summary_large_image\" \/>\n<meta name=\"twitter:label1\" content=\"Est. reading time\" \/>\n\t<meta name=\"twitter:data1\" content=\"2 minutes\" \/>\n<script type=\"application\/ld+json\" class=\"yoast-schema-graph\">{\"@context\":\"https:\\\/\\\/schema.org\",\"@graph\":[{\"@type\":\"WebPage\",\"@id\":\"https:\\\/\\\/thestudiols.com\\\/?page_id=22\",\"url\":\"https:\\\/\\\/thestudiols.com\\\/?page_id=22\",\"name\":\"- The Studio LS\",\"isPartOf\":{\"@id\":\"https:\\\/\\\/thestudiols.com\\\/#website\"},\"primaryImageOfPage\":{\"@id\":\"https:\\\/\\\/thestudiols.com\\\/?page_id=22#primaryimage\"},\"image\":{\"@id\":\"https:\\\/\\\/thestudiols.com\\\/?page_id=22#primaryimage\"},\"thumbnailUrl\":\"https:\\\/\\\/i0.wp.com\\\/thestudiols.com\\\/wp-content\\\/uploads\\\/2017\\\/06\\\/830x550.png?fit=830%2C550&ssl=1\",\"datePublished\":\"2017-06-07T21:13:08+00:00\",\"dateModified\":\"2023-10-10T15:26:14+00:00\",\"inLanguage\":\"en-US\",\"potentialAction\":[{\"@type\":\"ReadAction\",\"target\":[\"https:\\\/\\\/thestudiols.com\\\/?page_id=22\"]}]},{\"@type\":\"ImageObject\",\"inLanguage\":\"en-US\",\"@id\":\"https:\\\/\\\/thestudiols.com\\\/?page_id=22#primaryimage\",\"url\":\"https:\\\/\\\/i0.wp.com\\\/thestudiols.com\\\/wp-content\\\/uploads\\\/2017\\\/06\\\/830x550.png?fit=830%2C550&ssl=1\",\"contentUrl\":\"https:\\\/\\\/i0.wp.com\\\/thestudiols.com\\\/wp-content\\\/uploads\\\/2017\\\/06\\\/830x550.png?fit=830%2C550&ssl=1\",\"width\":830,\"height\":550},{\"@type\":\"WebSite\",\"@id\":\"https:\\\/\\\/thestudiols.com\\\/#website\",\"url\":\"https:\\\/\\\/thestudiols.com\\\/\",\"name\":\"The Studio LS\",\"description\":\"\",\"potentialAction\":[{\"@type\":\"SearchAction\",\"target\":{\"@type\":\"EntryPoint\",\"urlTemplate\":\"https:\\\/\\\/thestudiols.com\\\/?s={search_term_string}\"},\"query-input\":{\"@type\":\"PropertyValueSpecification\",\"valueRequired\":true,\"valueName\":\"search_term_string\"}}],\"inLanguage\":\"en-US\"}]}<\/script>\n<!-- \/ Yoast SEO plugin. -->","yoast_head_json":{"title":"- The Studio LS","robots":{"index":"index","follow":"follow","max-snippet":"max-snippet:-1","max-image-preview":"max-image-preview:large","max-video-preview":"max-video-preview:-1"},"canonical":"https:\/\/thestudiols.com\/?page_id=22","og_locale":"en_US","og_type":"article","og_title":"- The Studio LS","og_description":"The Studio LS, es mucho m\u00e1s que una empresa de producci\u00f3n audiovisual; somos un estudio multidisciplinario y artesanos de la creatividad. Desde nuestro inicio hace una d\u00e9cada, hemos estado en el coraz\u00f3n de la escena audiovisual en Am\u00e9rica Latina y m\u00e1s all\u00e1. Nos especializamos en la creaci\u00f3n de campa\u00f1as y productos audiovisuales \u00fanicos y memorables. Nuestra pasi\u00f3n es dar vida a las visiones creativas, ya sea que provengan de nuestros clientes o que las construyamos desde cero. Nuestra oferta es diversa y abierta a la imaginaci\u00f3n. Desde la fotograf\u00eda y el video de moda hasta proyectos de productos y contenido institucional, estamos listos para abordar cualquier desaf\u00edo creativo. Somos un equipo de expertos apasionados, que incluye estilistas, maquillistas, directores de arte, fot\u00f3grafos, vide\u00f3grafos y un equipo de producci\u00f3n dedicado. En estos a\u00f1os, hemos tenido el honor de trabajar con algunos de los nombres m\u00e1s reconocidos en el mundo de la moda y colaborar con marcas de renombre internacional como Chanel, Netflix, Swarovski, Adidas, entre otros. Cada proyecto es una oportunidad para fusionar nuestra experiencia con las visiones \u00fanicas de nuestros clientes, creando piezas que destacan y resuenan en el mundo de la comunicaci\u00f3n visual. Lo que nos distingue es nuestro compromiso con la excelencia, la creatividad sin l\u00edmites y la habilidad de transformar ideas en realidades visuales asombrosas. Nuestra misi\u00f3n es continuar impulsando la narrativa audiovisual internacionalmente, manteni\u00e9ndonos a la vanguardia de la innovaci\u00f3n y la calidad. En The Studio LS, cada d\u00eda es una nueva oportunidad para contar historias y dar vida a visiones creativas. Estamos aqu\u00ed para convertir tus ideas en realidades visuales","og_url":"https:\/\/thestudiols.com\/?page_id=22","og_site_name":"The Studio LS","article_modified_time":"2023-10-10T15:26:14+00:00","og_image":[{"width":830,"height":550,"url":"https:\/\/thestudiols.com\/wp-content\/uploads\/2017\/06\/830x550.png","type":"image\/png"}],"twitter_card":"summary_large_image","twitter_misc":{"Est. reading time":"2 minutes"},"schema":{"@context":"https:\/\/schema.org","@graph":[{"@type":"WebPage","@id":"https:\/\/thestudiols.com\/?page_id=22","url":"https:\/\/thestudiols.com\/?page_id=22","name":"- The Studio LS","isPartOf":{"@id":"https:\/\/thestudiols.com\/#website"},"primaryImageOfPage":{"@id":"https:\/\/thestudiols.com\/?page_id=22#primaryimage"},"image":{"@id":"https:\/\/thestudiols.com\/?page_id=22#primaryimage"},"thumbnailUrl":"https:\/\/i0.wp.com\/thestudiols.com\/wp-content\/uploads\/2017\/06\/830x550.png?fit=830%2C550&ssl=1","datePublished":"2017-06-07T21:13:08+00:00","dateModified":"2023-10-10T15:26:14+00:00","inLanguage":"en-US","potentialAction":[{"@type":"ReadAction","target":["https:\/\/thestudiols.com\/?page_id=22"]}]},{"@type":"ImageObject","inLanguage":"en-US","@id":"https:\/\/thestudiols.com\/?page_id=22#primaryimage","url":"https:\/\/i0.wp.com\/thestudiols.com\/wp-content\/uploads\/2017\/06\/830x550.png?fit=830%2C550&ssl=1","contentUrl":"https:\/\/i0.wp.com\/thestudiols.com\/wp-content\/uploads\/2017\/06\/830x550.png?fit=830%2C550&ssl=1","width":830,"height":550},{"@type":"WebSite","@id":"https:\/\/thestudiols.com\/#website","url":"https:\/\/thestudiols.com\/","name":"The Studio LS","description":"","potentialAction":[{"@type":"SearchAction","target":{"@type":"EntryPoint","urlTemplate":"https:\/\/thestudiols.com\/?s={search_term_string}"},"query-input":{"@type":"PropertyValueSpecification","valueRequired":true,"valueName":"search_term_string"}}],"inLanguage":"en-US"}]}},"jetpack_sharing_enabled":true,"_links":{"self":[{"href":"https:\/\/thestudiols.com\/index.php?rest_route=\/wp\/v2\/pages\/22","targetHints":{"allow":["GET"]}}],"collection":[{"href":"https:\/\/thestudiols.com\/index.php?rest_route=\/wp\/v2\/pages"}],"about":[{"href":"https:\/\/thestudiols.com\/index.php?rest_route=\/wp\/v2\/types\/page"}],"author":[{"embeddable":true,"href":"https:\/\/thestudiols.com\/index.php?rest_route=\/wp\/v2\/users\/1"}],"replies":[{"embeddable":true,"href":"https:\/\/thestudiols.com\/index.php?rest_route=%2Fwp%2Fv2%2Fcomments&post=22"}],"version-history":[{"count":3,"href":"https:\/\/thestudiols.com\/index.php?rest_route=\/wp\/v2\/pages\/22\/revisions"}],"predecessor-version":[{"id":504,"href":"https:\/\/thestudiols.com\/index.php?rest_route=\/wp\/v2\/pages\/22\/revisions\/504"}],"wp:featuredmedia":[{"embeddable":true,"href":"https:\/\/thestudiols.com\/index.php?rest_route=\/wp\/v2\/media\/92"}],"wp:attachment":[{"href":"https:\/\/thestudiols.com\/index.php?rest_route=%2Fwp%2Fv2%2Fmedia&parent=22"}],"curies":[{"name":"wp","href":"https:\/\/api.w.org\/{rel}","templated":true}]}}